{"id":8334,"date":"2021-10-07T12:23:21","date_gmt":"2021-10-07T10:23:21","guid":{"rendered":"https:\/\/greenway-turf.com\/kontakt\/"},"modified":"2023-04-20T17:53:58","modified_gmt":"2023-04-20T15:53:58","slug":"kontakt","status":"publish","type":"page","link":"https:\/\/greenway-turf.com\/de\/kontakt\/","title":{"rendered":"Kontakt"},"content":{"rendered":"\t\t<div data-elementor-type=\"wp-page\" data-elementor-id=\"8334\" class=\"elementor elementor-8334 elementor-20\">\n\t\t\t\t\t\t\t\t\t<section class=\"elementor-section elementor-top-section elementor-element elementor-element-d2d376a elementor-section-boxed elementor-section-height-default elementor-section-height-default\" data-id=\"d2d376a\" data-element_type=\"section\">\n\t\t\t\t\t\t<div class=\"elementor-container elementor-column-gap-default\">\n\t\t\t\t\t<div class=\"elementor-column elementor-col-100 elementor-top-column elementor-element elementor-element-eb9131b\" data-id=\"eb9131b\" data-element_type=\"column\">\n\t\t\t<div class=\"elementor-widget-wrap elementor-element-populated\">\n\t\t\t\t\t\t\t\t<div class=\"elementor-element elementor-element-499ec08 tt-view-stacked tt-shape-rounded tt-text-align-center tt-heading-fill-color elementor-widget elementor-widget-tt-heading\" data-id=\"499ec08\" data-element_type=\"widget\" data-widget_type=\"tt-heading.default\">\n\t\t\t\t<div class=\"elementor-widget-container\">\n\t\t\t\r\n\t\t<div class=\"section-heading style-one\">\r\n\r\n\t\t\t\t\t\t<!-- \/.icon-container -->\r\n\r\n\t\t\t\r\n\t\t\t<h2 class=\"section-title\">Wie k\u00f6nnen wir Ihnen helfen?<\/h2>\r\n\t\t\t\t\t\t\t<div class=\"description\"><p>Bitte nehmen Sie Kontakt mit uns auf, und unser Expertenteam wird alle Ihre Fragen beantworten.<\/p><\/div>\r\n\t\t\t\t\t<\/div>\r\n\r\n\t\t\t\t<\/div>\n\t\t\t\t<\/div>\n\t\t\t\t<section class=\"elementor-section elementor-inner-section elementor-element elementor-element-d643dad elementor-section-content-middle elementor-section-boxed elementor-section-height-default elementor-section-height-default\" data-id=\"d643dad\" data-element_type=\"section\">\n\t\t\t\t\t\t<div class=\"elementor-container elementor-column-gap-default\">\n\t\t\t\t\t<div class=\"elementor-column elementor-col-50 elementor-inner-column elementor-element elementor-element-3bb9d16\" data-id=\"3bb9d16\" data-element_type=\"column\">\n\t\t\t<div class=\"elementor-widget-wrap elementor-element-populated\">\n\t\t\t\t\t\t\t\t<div class=\"elementor-element elementor-element-9927f41 tt-equal-height-enable tt-shape-circle tt-view-stacked elementor-widget elementor-widget-tt-icon-box\" data-id=\"9927f41\" data-element_type=\"widget\" data-widget_type=\"tt-icon-box.default\">\n\t\t\t\t<div class=\"elementor-widget-container\">\n\t\t\t<div class=\"tt-icon-box icon--top\">\r\n\r\n                        <div class=\"tt-icon-box__icon-container\">\r\n                                    <i aria-hidden=\"true\" class=\"fab fa-linkedin-in\"><\/i>                            <\/div>\r\n            \r\n        <!-- \/.icon-container -->\r\n\r\n    <div class=\"tt-icon-box__content\">\r\n\r\n        <h3 class=\"tt-icon-box__title\"><a href=\"https:\/\/www.linkedin.com\/company\/greenwaybykaruna\">Vernetze dich mit uns<\/a><\/h3>\r\n                    <p class=\"tt-icon-box__description\">\r\n                Bleiben Sie mit uns in Kontakt und erfahren Sie als Erstes von Updates und Veranstaltungen.\n            <\/p>\r\n        \r\n                    <a class=\"tt-icon-box__button tt-btn\" href=\"https:\/\/www.linkedin.com\/company\/greenwaybykaruna\">\r\n                <span class=\"button-text-wrapper\">\r\n                    <span class=\"tt-button-icon tt-align-icon-\">\r\n                                            <\/span>\r\n                    <span class=\"de-button-text\">Folge uns auf LinkedIn<\/span>\r\n                <\/span>\r\n                <!-- \/.button-text-wrapper -->\r\n            <\/a>\r\n            <\/div>\r\n\r\n    <\/div>\r\n<!-- \/.tt-icon-box -->\t\t<\/div>\n\t\t\t\t<\/div>\n\t\t\t\t\t<\/div>\n\t\t<\/div>\n\t\t\t\t<div class=\"elementor-column elementor-col-50 elementor-inner-column elementor-element elementor-element-eb83f40\" data-id=\"eb83f40\" data-element_type=\"column\">\n\t\t\t<div class=\"elementor-widget-wrap elementor-element-populated\">\n\t\t\t\t\t\t\t\t<div class=\"elementor-element elementor-element-0fb2d44 tt-shape-circle tt-equal-height-enable tt-view-stacked elementor-widget elementor-widget-tt-icon-box\" data-id=\"0fb2d44\" data-element_type=\"widget\" data-widget_type=\"tt-icon-box.default\">\n\t\t\t\t<div class=\"elementor-widget-container\">\n\t\t\t<div class=\"tt-icon-box icon--top\">\r\n\r\n                        <div class=\"tt-icon-box__icon-container\">\r\n                                    <i aria-hidden=\"true\" class=\"far fa-envelope\"><\/i>                            <\/div>\r\n            \r\n        <!-- \/.icon-container -->\r\n\r\n    <div class=\"tt-icon-box__content\">\r\n\r\n        <h3 class=\"tt-icon-box__title\">E-Mail<\/h3>\r\n                    <p class=\"tt-icon-box__description\">\r\n                Schreiben Sie uns eine E-Mail.\nSie erhalten schnellst m\u00f6glich eine Antwort.            <\/p>\r\n        \r\n                    <a class=\"tt-icon-box__button tt-btn\" href=\"mailto:greenway@karuna.technology.com\">\r\n                <span class=\"button-text-wrapper\">\r\n                    <span class=\"tt-button-icon tt-align-icon-\">\r\n                                            <\/span>\r\n                    <span class=\"de-button-text\">E-Mail<\/span>\r\n                <\/span>\r\n                <!-- \/.button-text-wrapper -->\r\n            <\/a>\r\n            <\/div>\r\n\r\n    <\/div>\r\n<!-- \/.tt-icon-box -->\t\t<\/div>\n\t\t\t\t<\/div>\n\t\t\t\t\t<\/div>\n\t\t<\/div>\n\t\t\t\t\t\t\t<\/div>\n\t\t<\/section>\n\t\t\t\t\t<\/div>\n\t\t<\/div>\n\t\t\t\t\t\t\t<\/div>\n\t\t<\/section>\n\t\t\t\t<section class=\"elementor-section elementor-top-section elementor-element elementor-element-e53156e elementor-section-boxed elementor-section-height-default elementor-section-height-default\" data-id=\"e53156e\" data-element_type=\"section\" data-settings=\"{&quot;background_background&quot;:&quot;classic&quot;}\">\n\t\t\t\t\t\t<div class=\"elementor-container elementor-column-gap-default\">\n\t\t\t\t\t<div class=\"elementor-column elementor-col-100 elementor-top-column elementor-element elementor-element-24b3133\" data-id=\"24b3133\" data-element_type=\"column\">\n\t\t\t<div class=\"elementor-widget-wrap elementor-element-populated\">\n\t\t\t\t\t\t\t\t<div class=\"elementor-element elementor-element-58b70f3 tt-view-stacked tt-shape-rounded tt-text-align-center tt-heading-fill-color elementor-widget elementor-widget-tt-heading\" data-id=\"58b70f3\" data-element_type=\"widget\" data-widget_type=\"tt-heading.default\">\n\t\t\t\t<div class=\"elementor-widget-container\">\n\t\t\t\r\n\t\t<div class=\"section-heading style-one\">\r\n\r\n\t\t\t\t\t\t<!-- \/.icon-container -->\r\n\r\n\t\t\t\r\n\t\t\t<h2 class=\"section-title\">Spreche mit unserem Sales Team<\/h2>\r\n\t\t\t\t\t\t\t<div class=\"description\"><p>Lassen Sie uns herausfinden, wie Greenway f\u00fcr Sie n\u00fctzlich sein kann! F\u00fcllen Sie unser Kontaktformular aus und unser Sales Experte wird Sie so schnell wie m\u00f6glich kontaktieren.<\/p><\/div>\r\n\t\t\t\t\t<\/div>\r\n\r\n\t\t\t\t<\/div>\n\t\t\t\t<\/div>\n\t\t\t\t<section class=\"elementor-section elementor-inner-section elementor-element elementor-element-90fd827 elementor-section-content-middle elementor-section-boxed elementor-section-height-default elementor-section-height-default\" data-id=\"90fd827\" data-element_type=\"section\">\n\t\t\t\t\t\t<div class=\"elementor-container elementor-column-gap-default\">\n\t\t\t\t\t<div class=\"elementor-column elementor-col-50 elementor-inner-column elementor-element elementor-element-d8c33e4\" data-id=\"d8c33e4\" data-element_type=\"column\">\n\t\t\t<div class=\"elementor-widget-wrap elementor-element-populated\">\n\t\t\t\t\t\t\t\t<div class=\"elementor-element elementor-element-b0bfadf elementor-widget elementor-widget-image\" data-id=\"b0bfadf\" data-element_type=\"widget\" data-widget_type=\"image.default\">\n\t\t\t\t<div class=\"elementor-widget-container\">\n\t\t\t<style>\/*! elementor - v3.14.0 - 26-06-2023 *\/\n.elementor-widget-image{text-align:center}.elementor-widget-image a{display:inline-block}.elementor-widget-image a img[src$=\".svg\"]{width:48px}.elementor-widget-image img{vertical-align:middle;display:inline-block}<\/style>\t\t\t\t\t\t\t\t\t\t\t\t<img decoding=\"async\" width=\"1920\" height=\"1920\" src=\"https:\/\/greenway-turf.com\/wp-content\/uploads\/Call-center-Greenway.png\" class=\"attachment-full size-full wp-image-8443\" alt=\"\" srcset=\"https:\/\/greenway-turf.com\/wp-content\/uploads\/Call-center-Greenway.png 1920w, https:\/\/greenway-turf.com\/wp-content\/uploads\/Call-center-Greenway-300x300.png 300w, https:\/\/greenway-turf.com\/wp-content\/uploads\/Call-center-Greenway-1024x1024.png 1024w, https:\/\/greenway-turf.com\/wp-content\/uploads\/Call-center-Greenway-150x150.png 150w, https:\/\/greenway-turf.com\/wp-content\/uploads\/Call-center-Greenway-768x768.png 768w, https:\/\/greenway-turf.com\/wp-content\/uploads\/Call-center-Greenway-202x202.png 202w, https:\/\/greenway-turf.com\/wp-content\/uploads\/Call-center-Greenway-55x55.png 55w, https:\/\/greenway-turf.com\/wp-content\/uploads\/Call-center-Greenway-48x48.png 48w, https:\/\/greenway-turf.com\/wp-content\/uploads\/Call-center-Greenway-1536x1536.png 1536w, https:\/\/greenway-turf.com\/wp-content\/uploads\/Call-center-Greenway-600x600.png 600w\" sizes=\"(max-width: 1920px) 100vw, 1920px\" \/>\t\t\t\t\t\t\t\t\t\t\t\t\t\t\t<\/div>\n\t\t\t\t<\/div>\n\t\t\t\t\t<\/div>\n\t\t<\/div>\n\t\t\t\t<div class=\"elementor-column elementor-col-50 elementor-inner-column elementor-element elementor-element-b6d135b\" data-id=\"b6d135b\" data-element_type=\"column\">\n\t\t\t<div class=\"elementor-widget-wrap elementor-element-populated\">\n\t\t\t\t\t\t\t\t<div class=\"elementor-element elementor-element-de3bcfb elementor-widget elementor-widget-tt-contact-form\" data-id=\"de3bcfb\" data-element_type=\"widget\" data-widget_type=\"tt-contact-form.default\">\n\t\t\t\t<div class=\"elementor-widget-container\">\n\t\t\t\t\t<div class=\"contact-form contact-form-boxed\">\r\n\t\t\t\n<div class=\"wpcf7 no-js\" id=\"wpcf7-f8570-o1\" lang=\"de-DE\" dir=\"ltr\">\n<div class=\"screen-reader-response\"><p role=\"status\" aria-live=\"polite\" aria-atomic=\"true\"><\/p> <ul><\/ul><\/div>\n<form action=\"\/de\/wp-json\/wp\/v2\/pages\/8334#wpcf7-f8570-o1\" method=\"post\" class=\"wpcf7-form init\" aria-label=\"Kontaktformular\" novalidate=\"novalidate\" data-status=\"init\">\n<div style=\"display: none;\">\n<input type=\"hidden\" name=\"_wpcf7\" value=\"8570\" \/>\n<input type=\"hidden\" name=\"_wpcf7_version\" value=\"5.7.7\" \/>\n<input type=\"hidden\" name=\"_wpcf7_locale\" value=\"de_DE\" \/>\n<input type=\"hidden\" name=\"_wpcf7_unit_tag\" value=\"wpcf7-f8570-o1\" \/>\n<input type=\"hidden\" name=\"_wpcf7_container_post\" value=\"0\" \/>\n<input type=\"hidden\" name=\"_wpcf7_posted_data_hash\" value=\"\" \/>\n<\/div>\n<label> Ihr Name\n    <input size=\"40\" class=\"wpcf7-form-control wpcf7-text wpcf7-validates-as-required\" autocomplete=\"name\" aria-required=\"true\" aria-invalid=\"false\" value=\"\" type=\"text\" name=\"your-name\" \/> <\/label>\n\n<label> Ihre E-Mail\n    <input size=\"40\" class=\"wpcf7-form-control wpcf7-text wpcf7-email wpcf7-validates-as-required wpcf7-validates-as-email\" autocomplete=\"email\" aria-required=\"true\" aria-invalid=\"false\" value=\"\" type=\"email\" name=\"your-email\" \/> <\/label>\n\n<label> Nachricht\n<textarea cols=\"40\" rows=\"10\" class=\"wpcf7-form-control wpcf7-textarea\" aria-invalid=\"false\" name=\"Nachricht\"><\/textarea> <\/label>\n\n<input class=\"wpcf7-form-control has-spinner wpcf7-submit\" type=\"submit\" value=\"Senden\" \/><div class=\"wpcf7-response-output\" aria-hidden=\"true\"><\/div>\n<\/form>\n<\/div>\n\t\t<\/div>\r\n\t\t\t\t<\/div>\n\t\t\t\t<\/div>\n\t\t\t\t\t<\/div>\n\t\t<\/div>\n\t\t\t\t\t\t\t<\/div>\n\t\t<\/section>\n\t\t\t\t\t<\/div>\n\t\t<\/div>\n\t\t\t\t\t\t\t<\/div>\n\t\t<\/section>\n\t\t\t\t\t\t\t<\/div>\n\t\t","protected":false},"excerpt":{"rendered":"<p>Wie k\u00f6nnen wir Ihnen helfen? Bitte nehmen Sie Kontakt mit uns auf, und unser Expertenteam wird alle Ihre Fragen beantworten. Vernetze dich mit uns Bleiben Sie mit uns in Kontakt und erfahren Sie als Erstes von Updates und Veranstaltungen. Folge uns auf LinkedIn E-Mail Schreiben Sie uns eine E-Mail. Sie erhalten schnellst m\u00f6glich eine Antwort. [&hellip;]<\/p>\n","protected":false},"author":2,"featured_media":0,"parent":0,"menu_order":0,"comment_status":"closed","ping_status":"closed","template":"elementor_header_footer","meta":{"footnotes":""},"class_list":["post-8334","page","type-page","status-publish","hentry"],"aioseo_notices":[],"_links":{"self":[{"href":"https:\/\/greenway-turf.com\/de\/wp-json\/wp\/v2\/pages\/8334","targetHints":{"allow":["GET"]}}],"collection":[{"href":"https:\/\/greenway-turf.com\/de\/wp-json\/wp\/v2\/pages"}],"about":[{"href":"https:\/\/greenway-turf.com\/de\/wp-json\/wp\/v2\/types\/page"}],"author":[{"embeddable":true,"href":"https:\/\/greenway-turf.com\/de\/wp-json\/wp\/v2\/users\/2"}],"replies":[{"embeddable":true,"href":"https:\/\/greenway-turf.com\/de\/wp-json\/wp\/v2\/comments?post=8334"}],"version-history":[{"count":37,"href":"https:\/\/greenway-turf.com\/de\/wp-json\/wp\/v2\/pages\/8334\/revisions"}],"predecessor-version":[{"id":9041,"href":"https:\/\/greenway-turf.com\/de\/wp-json\/wp\/v2\/pages\/8334\/revisions\/9041"}],"wp:attachment":[{"href":"https:\/\/greenway-turf.com\/de\/wp-json\/wp\/v2\/media?parent=8334"}],"curies":[{"name":"wp","href":"https:\/\/api.w.org\/{rel}","templated":true}]}}